{"id":2998,"date":"2020-11-12T13:37:27","date_gmt":"2020-11-12T13:37:27","guid":{"rendered":"https:\/\/alfred.com.tr\/?page_id=2998"},"modified":"2024-06-13T12:47:10","modified_gmt":"2024-06-13T12:47:10","slug":"vale-kiralama-operasyon-yonetimi","status":"publish","type":"page","link":"https:\/\/alfred.com.tr\/tr\/kurumsal\/vale-kiralama-operasyon-yonetimi\/","title":{"rendered":"Vale Kiralama \/ Operasyon Y\u00f6netimi"},"content":{"rendered":"<p>[vc_row css=&#8221;.vc_custom_1603803044061{background-color: #ffffff !important;}&#8221;][vc_column][vc_row_inner row_content_width=&#8221;grid&#8221;][vc_column_inner width=&#8221;1\/2&#8243;][vc_single_image source=&#8221;featured_image&#8221; img_size=&#8221;large&#8221; style=&#8221;vc_box_rounded&#8221;][\/vc_column_inner][vc_column_inner width=&#8221;1\/2&#8243;][vc_column_text]Art\u0131k bordronuzda Vale kadrosu ta\u015f\u0131mak yerine ihtiya\u00e7 duyuldu\u011funda saatlik, g\u00fcnl\u00fck, ayl\u0131k kiralayabilirsiniz.<\/p>\n<ul>\n<li>\u0130zin, hastal\u0131k, devams\u0131zl\u0131k, k\u0131dem ve ihbar tazminat\u0131 y\u00fckleriyle u\u011fra\u015fmazs\u0131n\u0131z.<\/li>\n<li>\u00dcstelik bu hizmeti \u015firket merkeziniz, rezidans\u0131n\u0131z, ofis kuleniz, otel veya AVM\u2019niz i\u00e7in sadece mesai saatlerinde de\u011fil 7 g\u00fcn 24 saat alabilirsiniz.<\/li>\n<li>Mobil uygulama \u00fczerinden hizmet verilir. T\u00fcm gelirler size kal\u0131r, talep etti\u011finiz vale ba\u015f\u0131na saatlik, g\u00fcnl\u00fck, ayl\u0131k kira bedeli \u00f6dersiniz.<\/li>\n<li>Dilerseniz valelerin e\u011fitimini, y\u00f6netimini ve denetimini Alfred \u00fcstlenir. Sigorta dahilinde hizmet verir.<\/li>\n<li>Vale kiralama ve y\u00f6netimi teklifimiz i\u00e7in bize e-posta atabilir veya arayabilirsiniz.<\/li>\n<\/ul>\n<p>[\/vc_column_text][vc_column_text][\/vc_column_text][\/vc_column_inner][\/vc_row_inner][\/vc_column][\/vc_row][vc_row css=&#8221;.vc_custom_1603803044061{background-color: #ffffff !important;}&#8221;][vc_column][vc_row_inner row_content_width=&#8221;grid&#8221; content_text_aligment=&#8221;center&#8221;][vc_column_inner]<div class=\"edgtf-section-title-holder  edgtf-cf-4834 \" style=\"text-align: center\" data-item-class=\"edgtf-cf-4834\">\n\t<div class=\"edgtf-st-inner\">\n\t\t\t\t\t<h3 class=\"edgtf-st-title\" >\n\t\t\t\t\u015eimdi Kiralay\u0131n\t\t\t<\/h3>\n\t\t\t\t\t\t\t<\/div>\n<\/div><a itemprop=\"url\" href=\"tel:%200%20(212)%20346%2030%2046\" target=\"_self\" style=\"color: #ffffff;margin: 10px\" class=\"edgtf-btn edgtf-btn-small edgtf-btn-solid edgtf-btn-icon\"  >\n    <span class=\"edgtf-btn-text\">0 (212) 346 30 46<\/span>\n    <i class=\"edgtf-icon-font-awesome fa fa-phone \" ><\/i>                <\/a><a itemprop=\"url\" href=\"mailto:alfred@alfred.com.tr\" target=\"_blank\" style=\"color: #ffffff;margin: 10px\" class=\"edgtf-btn edgtf-btn-small edgtf-btn-solid edgtf-btn-icon\"  >\n    <span class=\"edgtf-btn-text\">alfred@alfred.com.tr<\/span>\n    <i class=\"edgtf-icon-font-awesome fa fa-envelope \" ><\/i>                <\/a>[vc_empty_space][\/vc_column_inner][\/vc_row_inner][\/vc_column][\/vc_row][vc_row row_content_width=&#8221;grid&#8221; content_text_aligment=&#8221;center&#8221;][vc_column][vc_separator][vc_empty_space]<div class=\"edgtf-section-title-holder  edgtf-cf-4202 \" style=\"text-align: center\" data-item-class=\"edgtf-cf-4202\">\n\t<div class=\"edgtf-st-inner\">\n\t\t\t\t\t<h2 class=\"edgtf-st-title\" >\n\t\t\t\tAlfred - Alfy nas\u0131l \u00e7al\u0131\u015f\u0131r?\t\t\t<\/h2>\n\t\t\t\t\t\t\t<\/div>\n<\/div>[vc_empty_space height=&#8221;64px&#8221;]<div class=\"edgtf-process-holder  edgtf-four-columns edgtf-responsive-768\">\n    <div class=\"edgtf-process-bg-holder\">\n        <svg xmlns=\"http:\/\/www.w3.org\/2000\/svg\" width=\"1095\" height=\"126\" viewBox=\"0 0 1095.3 126\"><path d=\"M2.3 58c0 0 70 50.4 177 52 101.5 1.5 145.1-20.7 170-31.8 5.9-2.6 38.9-20.5 38.9-20.5 3.8-2.8 72.7-43.4 159.4-43.7s132.1 29.3 162.3 45.4c0 0 26.6 14.5 36.7 19.3 2.9 1.4 64.7 29.3 169.7 30.3s166-46.3 178-50\" style=\"fill:none;stroke-width:2;stroke:#F1CFC6\"\/><\/svg>\n    <\/div>\n\t<div class=\"edgtf-process-inner\">\n\t\t<div class=\"edgtf-process-item \">\n    <div class=\"edgtf-process-circle\"><i class=\"edgtf-icon-font-awesome fa fa-hand-point-up edgtf-icon-element\" style=\"color: #1d1d1d\" ><\/i><\/div>\n\t<div class=\"edgtf-pi-content\">\n\t\t\t\t\t\t\t<p class=\"edgtf-pi-text\" >Kiralamak istedi\u011finiz ki\u015fisel ya da kurumsal hizmeti se\u00e7in.<\/p>\n\t\t\t<\/div>\n<\/div><div class=\"edgtf-process-item \">\n    <div class=\"edgtf-process-circle\"><i class=\"edgtf-icon-font-awesome fa fa-headset edgtf-icon-element\" style=\"color: #1d1d1d\" ><\/i><\/div>\n\t<div class=\"edgtf-pi-content\">\n\t\t\t\t\t\t\t<p class=\"edgtf-pi-text\" >Talebinizi bize e-posta, telefon ya da mobil uygulamam\u0131z arac\u0131l\u0131\u011f\u0131yla iletin.<\/p>\n\t\t\t<\/div>\n<\/div><div class=\"edgtf-process-item \">\n    <div class=\"edgtf-process-circle\"><i class=\"edgtf-icon-font-awesome fa fa-smile edgtf-icon-element\" style=\"color: #1d1d1d\" ><\/i><\/div>\n\t<div class=\"edgtf-pi-content\">\n\t\t\t\t\t\t\t<p class=\"edgtf-pi-text\" >Saatlik, g\u00fcnl\u00fck, haftal\u0131k ya da ayl\u0131k kiralama \u00fccretini \u00f6\u011frenin, kiralay\u0131n.<\/p>\n\t\t\t<\/div>\n<\/div><div class=\"edgtf-process-item \">\n    <div class=\"edgtf-process-circle\"><i class=\"edgtf-icon-font-awesome fa fa-user-tie edgtf-icon-element\" style=\"color: #1d1d1d\" ><\/i><\/div>\n\t<div class=\"edgtf-pi-content\">\n\t\t\t\t\t\t\t<p class=\"edgtf-pi-text\" >Dilerseniz, kiralad\u0131\u011f\u0131n\u0131z kurumsal hizmetleri sizin yerinize biz y\u00f6netelim.<\/p>\n\t\t\t<\/div>\n<\/div>\t<\/div>\n<\/div>[vc_empty_space][\/vc_column][\/vc_row]<\/p>","protected":false},"excerpt":{"rendered":"<p>[vc_row css=&#8221;.vc_custom_1603803044061{background-color: #ffffff !important;}&#8221;][vc_column][vc_row_inner row_content_width=&#8221;grid&#8221;][vc_column_inner width=&#8221;1\/2&#8243;][vc_single_image source=&#8221;featured_image&#8221; img_size=&#8221;large&#8221; style=&#8221;vc_box_rounded&#8221;][\/vc_column_inner][vc_column_inner width=&#8221;1\/2&#8243;][vc_column_text]Art\u0131k bordronuzda Vale kadrosu ta\u015f\u0131mak yerine ihtiya\u00e7 duyuldu\u011funda saatlik, g\u00fcnl\u00fck, ayl\u0131k kiralayabilirsiniz. \u0130zin, hastal\u0131k, devams\u0131zl\u0131k, k\u0131dem ve ihbar tazminat\u0131 y\u00fckleriyle u\u011fra\u015fmazs\u0131n\u0131z. \u00dcstelik bu hizmeti \u015firket merkeziniz, rezidans\u0131n\u0131z, ofis kuleniz, otel veya [&hellip;]<\/p>\n","protected":false},"author":1,"featured_media":3224,"parent":2634,"menu_order":0,"comment_status":"closed","ping_status":"closed","template":"full-width.php","meta":[],"_links":{"self":[{"href":"https:\/\/alfred.com.tr\/tr\/wp-json\/wp\/v2\/pages\/2998"}],"collection":[{"href":"https:\/\/alfred.com.tr\/tr\/wp-json\/wp\/v2\/pages"}],"about":[{"href":"https:\/\/alfred.com.tr\/tr\/wp-json\/wp\/v2\/types\/page"}],"author":[{"embeddable":true,"href":"https:\/\/alfred.com.tr\/tr\/wp-json\/wp\/v2\/users\/1"}],"replies":[{"embeddable":true,"href":"https:\/\/alfred.com.tr\/tr\/wp-json\/wp\/v2\/comments?post=2998"}],"version-history":[{"count":4,"href":"https:\/\/alfred.com.tr\/tr\/wp-json\/wp\/v2\/pages\/2998\/revisions"}],"predecessor-version":[{"id":3397,"href":"https:\/\/alfred.com.tr\/tr\/wp-json\/wp\/v2\/pages\/2998\/revisions\/3397"}],"up":[{"embeddable":true,"href":"https:\/\/alfred.com.tr\/tr\/wp-json\/wp\/v2\/pages\/2634"}],"wp:featuredmedia":[{"embeddable":true,"href":"https:\/\/alfred.com.tr\/tr\/wp-json\/wp\/v2\/media\/3224"}],"wp:attachment":[{"href":"https:\/\/alfred.com.tr\/tr\/wp-json\/wp\/v2\/media?parent=2998"}],"curies":[{"name":"wp","href":"https:\/\/api.w.org\/{rel}","templated":true}]}}