{"id":2872,"date":"2020-11-11T10:06:01","date_gmt":"2020-11-11T10:06:01","guid":{"rendered":"https:\/\/alfred.com.tr\/?page_id=2872"},"modified":"2020-11-12T11:45:54","modified_gmt":"2020-11-12T11:45:54","slug":"aydinlatma-metni","status":"publish","type":"page","link":"https:\/\/alfred.com.tr\/tr\/aydinlatma-metni\/","title":{"rendered":"Ayd\u0131nlatma Metni"},"content":{"rendered":"<p>[vc_row][vc_column][vc_empty_space][vc_column_text]<\/p>\n<h2>ALFRED CONCIERGE VE TANITIM H\u0130ZMETLER\u0130 A.\u015e.\u00a0AYDINLATMA BEYANI<\/h2>\n<p class=\"thumb_p\">Alfred Concierge Tan\u0131t\u0131m Hizmetleri Anonim \u015eirketi\u2019ne (\u201c\u015eirket\u201d) olarak ki\u015fisel verilerinizin g\u00fcvenli\u011fi hususuna azami hassasiyet g\u00f6stermekteyiz. Bu bilin\u00e7le, \u015eirket olarak taraf\u0131m\u0131za iletilen t\u00fcm \u015fah\u0131slara ait her t\u00fcrl\u00fc ki\u015fisel verilerin 6698 say\u0131l\u0131 Ki\u015fisel Verilerin Korunmas\u0131 Kanunu\u2019na (\u201c<b>KVK Kanunu<\/b>\u201d) uygun olarak i\u015flenmesine ve muhafaza edilmesine b\u00fcy\u00fck \u00f6nem atfetmekteyiz.<\/p>\n<p class=\"thumb_p\"><b>1. Ki\u015fisel Verilerin Toplanmas\u0131, \u0130\u015flenmesi ve \u0130\u015fleme Ama\u00e7lar\u0131<\/b><\/p>\n<p class=\"thumb_p\">Zaman zaman \u00f6zel nitelikli ki\u015fisel veriler de dahil olmak \u00fczere ki\u015fisel verileriniz, \u015eirketimiz taraf\u0131ndan; i\u015fe al\u0131m s\u00fcreci, istihdam\u0131n sevk ve idaresi, \u015eirketimizin kanuni y\u00fck\u00fcml\u00fcl\u00fcklerini yerine getirebilmesi, bir hakk\u0131n tesisi, korunmas\u0131 yahut kullan\u0131lmas\u0131 i\u00e7in veri i\u015flemenin zorunlu olmas\u0131, \u015eirketimiz ile aran\u0131zdaki ticari s\u00f6zle\u015fmesel ili\u015fkinin kurulmas\u0131 ve ifas\u0131, veya \u015eirketimizin me\u015fru ama\u00e7lar\u0131 i\u00e7in ki\u015fisel verilerinizin i\u015flenmesine gerek olmas\u0131 halinde toplan\u0131lacak ve kullan\u0131lacakt\u0131r.<\/p>\n<p class=\"thumb_p\"><b>2. \u0130\u015flenen Ki\u015fisel Verilerin Kimlere ve Hangi Ama\u00e7la Aktar\u0131labilece\u011fi<\/b><\/p>\n<p class=\"thumb_p\">Yukar\u0131da belirtilen ama\u00e7lar i\u00e7in gerekli oldu\u011fu hallerde; ki\u015fisel verilerinizi yurti\u00e7inde ve\/veya yurtd\u0131\u015f\u0131ndaki i\u015f ortaklar\u0131m\u0131za, \u00e7\u00f6z\u00fcm ortaklar\u0131m\u0131za, i\u015ftiraklerimize, grup \u015firketlerimize, tedarik\u00e7ilerimize, hizmet ifas\u0131nda bulunan ki\u015filere, kamu kurum ve kurulu\u015flar\u0131na KVK Kanunu\u2019nun 8. ve 9. maddelerinde belirtilen ki\u015fisel veri i\u015fleme \u015fartlar\u0131 ve ama\u00e7lar\u0131 \u00e7er\u00e7evesinde aktarabiliriz.<\/p>\n<p class=\"thumb_p\"><b>3. Ki\u015fisel Veri Toplaman\u0131n Y\u00f6ntemi ve Hukuki Sebebi<\/b><\/p>\n<p class=\"thumb_p\">Ki\u015fisel verileriniz, her t\u00fcrl\u00fc s\u00f6zl\u00fc, yaz\u0131l\u0131 ya da elektronik ortamda, yukar\u0131da yer verilen ama\u00e7lar do\u011frultusunda \u015eirketimizin akdetmi\u015f oldu\u011fu s\u00f6zle\u015fme ve yasadan do\u011fan mesuliyetlerini eksiksiz ve do\u011fru bir \u015fekilde yerine getirebilmesi gayesi ile edinilir. Bu hukuki sebeple toplanan ki\u015fisel verileriniz KVK Kanunu\u2019nun 5. ve 6. maddelerinde belirtilen ki\u015fisel veri i\u015fleme \u015fartlar\u0131 ve ama\u00e7lar\u0131 kapsam\u0131nda bu metnin (1) ve (2) numaral\u0131 maddelerinde belirtilen ama\u00e7larla i\u015flenebilmekte ve aktar\u0131labilmektedir.<\/p>\n<p class=\"thumb_p\">\u0130laveten, \u015eirketimizin yukar\u0131da yer alan me\u015fru amac\u0131 do\u011frultusunda \u015eirket i\u00e7inde g\u00fcvenli\u011fin sa\u011flanabilmesi i\u00e7in; ki\u015fisel verileriniz kameralar ile de toplanmaktad\u0131r.<\/p>\n<p class=\"thumb_p\">Yukar\u0131da belirtilenlere ek olarak, ki\u015fisel verileriniz, \u015eirket i\u00e7erisindeki bilgilere g\u00fcvenli eri\u015fimin sa\u011flanmas\u0131 amac\u0131yla, i\u015fyerimizde bulunan belirli ofislere giri\u015f i\u00e7in uygulanan parmak izi sistemi ile de toplanmaktad\u0131r.<\/p>\n<p class=\"thumb_p\"><b>4. Veri G\u00fcvenli\u011fi<\/b><\/p>\n<p class=\"thumb_p\">\u015eirketimiz, ki\u015fisel verilerinizi bilgi g\u00fcvenli\u011fi standartlar\u0131 ve prosed\u00fcrleri gere\u011fince al\u0131nmas\u0131 gereken t\u00fcm makul teknik ve idari g\u00fcvenlik kontrollerine tam uygunlukla ve muhtemel risklere kar\u015f\u0131 uygun bir d\u00fczeyde korumaktad\u0131r.<\/p>\n<p class=\"thumb_p\"><b>5. Ki\u015fisel Veri Sahibinin KVK Kanunu\u2019nun 11. maddesinde Say\u0131lan Haklar\u0131<\/b><\/p>\n<p class=\"thumb_p\">Ki\u015fisel veri sahipleri olarak, haklar\u0131n\u0131za ili\u015fkin taleplerinizi mevzuata uygun olarak \u015eirketimize iletmeniz durumunda \u015eirketimiz talebin niteli\u011fine g\u00f6re talebi en ge\u00e7 30 g\u00fcn i\u00e7inde \u00fccretsiz olarak cevapland\u0131racakt\u0131r. E\u011fer ba\u015fvurunuza yaz\u0131l\u0131 olarak verilecek cevap 10 sayfay\u0131 a\u015f\u0131yor ise, 10 sayfan\u0131n \u00fczerindeki her sayfa i\u00e7in 1 T\u00fcrk Liras\u0131 i\u015flem \u00fccreti al\u0131nabilir. Ba\u015fvuruya cevab\u0131n CD, flash bellek gibi bir kay\u0131t ortam\u0131nda verilmesi halinde ise kay\u0131t ortam\u0131n\u0131n maliyeti kadar \u00fccret al\u0131nabilecektir.<\/p>\n<p class=\"thumb_p\">Bu kapsamda ki\u015fisel veri sahipleri;<\/p>\n<ul class=\"alfredTextAlignLeft\">\n<li>Ki\u015fisel veri i\u015flenip i\u015flenmedi\u011fini \u00f6\u011frenme,<\/li>\n<li>Ki\u015fisel verileri i\u015flenmi\u015fse buna ili\u015fkin bilgi talep etme,<\/li>\n<li>Ki\u015fisel verilerin i\u015flenme amac\u0131n\u0131 ve bunlar\u0131n amac\u0131na uygun kullan\u0131l\u0131p kullan\u0131lmad\u0131\u011f\u0131n\u0131 \u00f6\u011frenme,<\/li>\n<li>Yurt i\u00e7inde veya yurt d\u0131\u015f\u0131nda ki\u015fisel verilerin aktar\u0131ld\u0131\u011f\u0131 \u00fc\u00e7\u00fcnc\u00fc ki\u015fileri bilme,<\/li>\n<li>Ki\u015fisel verilerin eksik veya yanl\u0131\u015f i\u015flenmi\u015f olmas\u0131 h\u00e2linde bunlar\u0131n d\u00fczeltilmesini isteme ve bu kapsamda yap\u0131lan i\u015flemin ki\u015fisel verilerin aktar\u0131ld\u0131\u011f\u0131 \u00fc\u00e7\u00fcnc\u00fc ki\u015filere bildirilmesini isteme,<\/li>\n<li>KVK Kanunu\u2019nun ve ilgili di\u011fer kanun h\u00fck\u00fcmlerine uygun olarak i\u015flenmi\u015f olmas\u0131na ra\u011fmen, i\u015flenmesini gerektiren sebeplerin ortadan kalkmas\u0131 h\u00e2linde ki\u015fisel verilerin silinmesini veya yok edilmesini isteme ve bu kapsamda yap\u0131lan i\u015flemin ki\u015fisel verilerin aktar\u0131ld\u0131\u011f\u0131 \u00fc\u00e7\u00fcnc\u00fc ki\u015filere bildirilmesini isteme,<\/li>\n<li>\u0130\u015flenen verilerin m\u00fcnhas\u0131ran otomatik sistemler vas\u0131tas\u0131yla analiz edilmesi suretiyle ki\u015finin kendisi aleyhine bir sonucun ortaya \u00e7\u0131kmas\u0131na itiraz etme,<\/li>\n<li>Ki\u015fisel verilerin kanuna ayk\u0131r\u0131 olarak i\u015flenmesi sebebiyle zarara u\u011framas\u0131 h\u00e2linde zarar\u0131n giderilmesini<\/li>\n<\/ul>\n<p class=\"thumb_p\">talep etme haklar\u0131na sahiptir.<\/p>\n<p class=\"thumb_p\">Haklar\u0131n\u0131z\u0131 kullanmak i\u00e7in, Ahi Evran Cad.No.21 K.2 D.14 Polaris Plaza Maslak Sar\u0131yer\/\u0130stanbul adresine yaz\u0131l\u0131 bildirimde bulunarak yahut info@alfred.com.tr adresine e-mail g\u00f6ndererek ileti\u015fime ge\u00e7ebilirsiniz.<\/p>\n<p>[\/vc_column_text][vc_empty_space][\/vc_column][\/vc_row]<\/p>\n","protected":false},"excerpt":{"rendered":"<p>[vc_row][vc_column][vc_empty_space][vc_column_text] ALFRED CONCIERGE VE TANITIM H\u0130ZMETLER\u0130 A.\u015e.\u00a0AYDINLATMA BEYANI Alfred Concierge Tan\u0131t\u0131m Hizmetleri Anonim \u015eirketi\u2019ne (\u201c\u015eirket\u201d) olarak ki\u015fisel verilerinizin g\u00fcvenli\u011fi hususuna azami hassasiyet g\u00f6stermekteyiz. Bu bilin\u00e7le, \u015eirket olarak taraf\u0131m\u0131za iletilen t\u00fcm \u015fah\u0131slara ait her t\u00fcrl\u00fc ki\u015fisel verilerin 6698 say\u0131l\u0131 Ki\u015fisel Verilerin [&hellip;]<\/p>\n","protected":false},"author":1,"featured_media":0,"parent":0,"menu_order":0,"comment_status":"closed","ping_status":"open","template":"","meta":[],"_links":{"self":[{"href":"https:\/\/alfred.com.tr\/tr\/wp-json\/wp\/v2\/pages\/2872"}],"collection":[{"href":"https:\/\/alfred.com.tr\/tr\/wp-json\/wp\/v2\/pages"}],"about":[{"href":"https:\/\/alfred.com.tr\/tr\/wp-json\/wp\/v2\/types\/page"}],"author":[{"embeddable":true,"href":"https:\/\/alfred.com.tr\/tr\/wp-json\/wp\/v2\/users\/1"}],"replies":[{"embeddable":true,"href":"https:\/\/alfred.com.tr\/tr\/wp-json\/wp\/v2\/comments?post=2872"}],"version-history":[{"count":0,"href":"https:\/\/alfred.com.tr\/tr\/wp-json\/wp\/v2\/pages\/2872\/revisions"}],"wp:attachment":[{"href":"https:\/\/alfred.com.tr\/tr\/wp-json\/wp\/v2\/media?parent=2872"}],"curies":[{"name":"wp","href":"https:\/\/api.w.org\/{rel}","templated":true}]}}