{"id":2802,"date":"2020-11-11T08:53:11","date_gmt":"2020-11-11T08:53:11","guid":{"rendered":"https:\/\/alfred.com.tr\/?page_id=2802"},"modified":"2026-01-08T07:24:51","modified_gmt":"2026-01-08T07:24:51","slug":"kurumsal-referanslar","status":"publish","type":"page","link":"https:\/\/alfred.com.tr\/tr\/kurumsal-referanslar\/","title":{"rendered":"Kurumsal Referanslar"},"content":{"rendered":"<p>[vc_row full_width=&#8221;stretch_row&#8221; content_text_aligment=&#8221;center&#8221; css=&#8221;.vc_custom_1605085014106{background-color: #ffffff !important;}&#8221;][vc_column][vc_row_inner row_content_width=&#8221;grid&#8221; content_text_aligment=&#8221;center&#8221;][vc_column_inner][vc_empty_space]<div class=\"edgtf-clients-carousel-holder edgtf-cc-hover-zoom-in\">\n\t<div class=\"edgtf-cc-inner edgtf-owl-slider\" data-number-of-items=\"6\" data-enable-loop=\"yes\" data-enable-autoplay=\"yes\" data-slider-speed=\"1500\" data-slider-speed-animation=\"600\" data-enable-navigation=\"no\" data-enable-pagination=\"no\">\n\t\t<div class=\"edgtf-cc-item edgtf-item-space edgtf-cci-no-link\">\n\t\t\t\t\t\t<img itemprop=\"image\" class=\"edgtf-cc-image\" src=\"https:\/\/alfred.com.tr\/wp-content\/uploads\/2020\/10\/Turkcell-\u2013-1.png\" alt=\"\" \/>\n\t\t\t\t\t<\/div><div class=\"edgtf-cc-item edgtf-item-space edgtf-cci-no-link\">\n\t\t\t\t\t\t<img itemprop=\"image\" class=\"edgtf-cc-image\" src=\"https:\/\/alfred.com.tr\/wp-content\/uploads\/2026\/01\/icbc_logo.png\" alt=\"\" \/>\n\t\t\t\t\t<\/div><div class=\"edgtf-cc-item edgtf-item-space edgtf-cci-no-link\">\n\t\t\t\t\t\t<img itemprop=\"image\" class=\"edgtf-cc-image\" src=\"https:\/\/alfred.com.tr\/wp-content\/uploads\/2020\/10\/QNB-Finansbank-\u2013-1.png\" alt=\"\" \/>\n\t\t\t\t\t<\/div><div class=\"edgtf-cc-item edgtf-item-space edgtf-cci-no-link\">\n\t\t\t\t\t\t<img itemprop=\"image\" class=\"edgtf-cc-image\" src=\"https:\/\/alfred.com.tr\/wp-content\/uploads\/2026\/01\/Zorlu-PSM.jpg\" alt=\"\" \/>\n\t\t\t\t\t<\/div><div class=\"edgtf-cc-item edgtf-item-space edgtf-cci-no-link\">\n\t\t\t\t\t\t<img itemprop=\"image\" class=\"edgtf-cc-image\" src=\"https:\/\/alfred.com.tr\/wp-content\/uploads\/2020\/10\/BMW-\u2013-1.png\" alt=\"\" \/>\n\t\t\t\t\t<\/div><div class=\"edgtf-cc-item edgtf-item-space edgtf-cci-no-link\">\n\t\t\t\t\t\t<img itemprop=\"image\" class=\"edgtf-cc-image\" src=\"https:\/\/alfred.com.tr\/wp-content\/uploads\/2020\/10\/Mini-Cooper-\u2013-1.png\" alt=\"\" \/>\n\t\t\t\t\t<\/div><div class=\"edgtf-cc-item edgtf-item-space edgtf-cci-no-link\">\n\t\t\t\t\t\t<img itemprop=\"image\" class=\"edgtf-cc-image\" src=\"https:\/\/alfred.com.tr\/wp-content\/uploads\/2020\/10\/Procter-Gamble-\u2013-1.png\" alt=\"\" \/>\n\t\t\t\t\t<\/div><div class=\"edgtf-cc-item edgtf-item-space edgtf-cci-no-link\">\n\t\t\t\t\t\t<img itemprop=\"image\" class=\"edgtf-cc-image\" src=\"https:\/\/alfred.com.tr\/wp-content\/uploads\/2026\/01\/Raffles.jpg\" alt=\"\" \/>\n\t\t\t\t\t<\/div><div class=\"edgtf-cc-item edgtf-item-space edgtf-cci-no-link\">\n\t\t\t\t\t\t<img itemprop=\"image\" class=\"edgtf-cc-image\" src=\"https:\/\/alfred.com.tr\/wp-content\/uploads\/2026\/01\/Hsbc.png\" alt=\"\" \/>\n\t\t\t\t\t<\/div><div class=\"edgtf-cc-item edgtf-item-space edgtf-cci-no-link\">\n\t\t\t\t\t\t<img itemprop=\"image\" class=\"edgtf-cc-image\" src=\"https:\/\/alfred.com.tr\/wp-content\/uploads\/2020\/11\/Zorlu-Center-\u2013-1-1.png\" alt=\"\" \/>\n\t\t\t\t\t<\/div><div class=\"edgtf-cc-item edgtf-item-space edgtf-cci-no-link\">\n\t\t\t\t\t\t<img itemprop=\"image\" class=\"edgtf-cc-image\" src=\"https:\/\/alfred.com.tr\/wp-content\/uploads\/2024\/12\/Togg_750.png\" alt=\"\" \/>\n\t\t\t\t\t<\/div><div class=\"edgtf-cc-item edgtf-item-space edgtf-cci-no-link\">\n\t\t\t\t\t\t<img itemprop=\"image\" class=\"edgtf-cc-image\" src=\"https:\/\/alfred.com.tr\/wp-content\/uploads\/2024\/12\/QnbInvest_750.png\" alt=\"\" \/>\n\t\t\t\t\t<\/div><div class=\"edgtf-cc-item edgtf-item-space edgtf-cci-no-link\">\n\t\t\t\t\t\t<img itemprop=\"image\" class=\"edgtf-cc-image\" src=\"https:\/\/alfred.com.tr\/wp-content\/uploads\/2024\/12\/Qnb_750.png\" alt=\"\" \/>\n\t\t\t\t\t<\/div><div class=\"edgtf-cc-item edgtf-item-space edgtf-cci-no-link\">\n\t\t\t\t\t\t<img itemprop=\"image\" class=\"edgtf-cc-image\" src=\"https:\/\/alfred.com.tr\/wp-content\/uploads\/2024\/12\/Paynet_750.png\" alt=\"\" \/>\n\t\t\t\t\t<\/div><div class=\"edgtf-cc-item edgtf-item-space edgtf-cci-no-link\">\n\t\t\t\t\t\t<img itemprop=\"image\" class=\"edgtf-cc-image\" src=\"https:\/\/alfred.com.tr\/wp-content\/uploads\/2024\/12\/AnadoluSigorta_750.png\" alt=\"\" \/>\n\t\t\t\t\t<\/div><div class=\"edgtf-cc-item edgtf-item-space edgtf-cci-no-link\">\n\t\t\t\t\t\t<img itemprop=\"image\" class=\"edgtf-cc-image\" src=\"https:\/\/alfred.com.tr\/wp-content\/uploads\/2024\/12\/Allianz_750.png\" alt=\"\" \/>\n\t\t\t\t\t<\/div><div class=\"edgtf-cc-item edgtf-item-space edgtf-cci-no-link\">\n\t\t\t\t\t\t<img itemprop=\"image\" class=\"edgtf-cc-image\" src=\"https:\/\/alfred.com.tr\/wp-content\/uploads\/2024\/12\/Akbank_750.png\" alt=\"\" \/>\n\t\t\t\t\t<\/div>\t<\/div>\n<\/div>[\/vc_column_inner][\/vc_row_inner][vc_empty_space][\/vc_column][\/vc_row][vc_row content_text_aligment=&#8221;center&#8221;][vc_column][vc_empty_space]<div class=\"edgtf-section-title-holder  edgtf-cf-1775 \" style=\"text-align: center\" data-item-class=\"edgtf-cf-1775\">\n\t<div class=\"edgtf-st-inner\">\n\t\t\t\t\t<h2 class=\"edgtf-st-title\" >\n\t\t\t\tT\u00fcm Referanslar\u0131m\u0131z\t\t\t<\/h2>\n\t\t\t\t\t\t\t<\/div>\n<\/div>[vc_empty_space][vc_row_inner row_content_width=&#8221;grid&#8221; content_text_aligment=&#8221;center&#8221;][vc_column_inner width=&#8221;1\/3&#8243;][vc_column_text]ABN Amro<br \/>\nAkbank<br \/>\nAllianz Tower<br \/>\nAnkamall AVM CarrefourSA<br \/>\nAlarko Hillside<br \/>\nAnadolu Sigorta<br \/>\nBank Pozitif<br \/>\nBasf<br \/>\nBMW<br \/>\nBridgestone<br \/>\nBurberry<br \/>\nBuyaka AVM<br \/>\nCevahir AVM<br \/>\nEce T\u00fcrkiye<br \/>\nEmaar Square AVM<br \/>\nQNB Finansbank<br \/>\nGaranti BBVA<br \/>\nGeneral Electric<br \/>\nGilan[\/vc_column_text][\/vc_column_inner][vc_column_inner width=&#8221;1\/3&#8243;][vc_column_text]Grand Wyndham Hotel Godiva<br \/>\nGucci<br \/>\nHabitat<br \/>\nHarvey Nichols<br \/>\nHilton International<br \/>\nHsbc\u00a0 Bank<br \/>\nIcbc Bank<br \/>\n\u0130\u015f Bankas\u0131<br \/>\nJaguar<br \/>\nKanyon AVM<br \/>\nKo\u00e7 \u00dcniversitesi<br \/>\nMercedes<br \/>\nMeydan AVM<br \/>\nMetrocity AVM<br \/>\nMini Cooper<br \/>\nNokia<br \/>\nOmsan<br \/>\nOptimum AVM<br \/>\nOpet[\/vc_column_text][\/vc_column_inner][vc_column_inner width=&#8221;1\/3&#8243;][vc_column_text]Palladium Tower<br \/>\nPayten<br \/>\nProcter &amp; Gamble<br \/>\nQNB Invest<br \/>\nQNB Portf\u00f6y<br \/>\nRaffles<br \/>\nRahmi Ko\u00e7 M\u00fczesi<br \/>\nRange Rover<br \/>\nSapphire AVM<br \/>\nSabanc\u0131 M\u00fczesi<br \/>\nTogg<br \/>\nTurkcell<br \/>\nTrump Towers<br \/>\n\u00dclker<br \/>\nVestel<br \/>\nVisa Europe<br \/>\nVodafone<br \/>\nWestLB Bank<br \/>\nZorlu Center<br \/>\nZorlu PSM[\/vc_column_text][\/vc_column_inner][\/vc_row_inner][vc_empty_space][\/vc_column][\/vc_row]<\/p>","protected":false},"excerpt":{"rendered":"<p>[vc_row full_width=&#8221;stretch_row&#8221; content_text_aligment=&#8221;center&#8221; css=&#8221;.vc_custom_1605085014106{background-color: #ffffff !important;}&#8221;][vc_column][vc_row_inner row_content_width=&#8221;grid&#8221; content_text_aligment=&#8221;center&#8221;][vc_column_inner][vc_empty_space][\/vc_column_inner][\/vc_row_inner][vc_empty_space][\/vc_column][\/vc_row][vc_row content_text_aligment=&#8221;center&#8221;][vc_column][vc_empty_space][vc_empty_space][vc_row_inner row_content_width=&#8221;grid&#8221; content_text_aligment=&#8221;center&#8221;][vc_column_inner width=&#8221;1\/3&#8243;][vc_column_text]ABN Amro Akbank Allianz Tower Ankamall AVM CarrefourSA Alarko Hillside Anadolu Sigorta Bank Pozitif Basf BMW Bridgestone Burberry Buyaka AVM Cevahir AVM Ece T\u00fcrkiye Emaar Square AVM QNB Finansbank [&hellip;]<\/p>\n","protected":false},"author":1,"featured_media":0,"parent":0,"menu_order":0,"comment_status":"closed","ping_status":"closed","template":"","meta":[],"_links":{"self":[{"href":"https:\/\/alfred.com.tr\/tr\/wp-json\/wp\/v2\/pages\/2802"}],"collection":[{"href":"https:\/\/alfred.com.tr\/tr\/wp-json\/wp\/v2\/pages"}],"about":[{"href":"https:\/\/alfred.com.tr\/tr\/wp-json\/wp\/v2\/types\/page"}],"author":[{"embeddable":true,"href":"https:\/\/alfred.com.tr\/tr\/wp-json\/wp\/v2\/users\/1"}],"replies":[{"embeddable":true,"href":"https:\/\/alfred.com.tr\/tr\/wp-json\/wp\/v2\/comments?post=2802"}],"version-history":[{"count":5,"href":"https:\/\/alfred.com.tr\/tr\/wp-json\/wp\/v2\/pages\/2802\/revisions"}],"predecessor-version":[{"id":3440,"href":"https:\/\/alfred.com.tr\/tr\/wp-json\/wp\/v2\/pages\/2802\/revisions\/3440"}],"wp:attachment":[{"href":"https:\/\/alfred.com.tr\/tr\/wp-json\/wp\/v2\/media?parent=2802"}],"curies":[{"name":"wp","href":"https:\/\/api.w.org\/{rel}","templated":true}]}}