{"id":2788,"date":"2020-11-11T07:49:28","date_gmt":"2020-11-11T07:49:28","guid":{"rendered":"https:\/\/alfred.com.tr\/?page_id=2788"},"modified":"2020-11-26T09:31:28","modified_gmt":"2020-11-26T09:31:28","slug":"hakkimizda","status":"publish","type":"page","link":"https:\/\/alfred.com.tr\/tr\/hakkimizda\/","title":{"rendered":"Hakk\u0131m\u0131zda"},"content":{"rendered":"<p>[vc_row][vc_column][vc_row_inner row_content_width=&#8221;grid&#8221;][vc_column_inner width=&#8221;1\/2&#8243;][vc_empty_space][vc_single_image source=&#8221;featured_image&#8221; img_size=&#8221;large&#8221; style=&#8221;vc_box_rounded&#8221;][vc_empty_space][\/vc_column_inner][vc_column_inner width=&#8221;1\/2&#8243;][vc_empty_space][vc_custom_heading text=&#8221;Alfred Kimdir?&#8221; use_theme_fonts=&#8221;yes&#8221;][vc_column_text]Alfred \u201cBatman\u201d film karakterinin her zaman yan\u0131nda olan, hayat\u0131n\u0131 kolayla\u015ft\u0131ran yard\u0131mc\u0131s\u0131d\u0131r. \u0130smini bu karakterden alan Alfred Concierge Services, uluslararas\u0131 standartlarda hayat\u0131 kolayla\u015ft\u0131ran saatlik, g\u00fcnl\u00fck, haftal\u0131k ve ayl\u0131k hizmetler sunar. Dilerseniz bu kadrolar\u0131 sizin ad\u0131n\u0131za\u00a0y\u00f6netir.<\/p>\n<ul>\n<li>Saatlik, g\u00fcnl\u00fck, haftal\u0131k, ayl\u0131k \u00e7al\u0131\u015fan kiralama hizmetiyle maliyetlerinizi d\u00fc\u015f\u00fcr\u00fcr.<\/li>\n<li>Kiralad\u0131\u011f\u0131n\u0131z \u00e7al\u0131\u015fanlar\u0131n\u0131z\u0131 bordrosunda tutar. \u0130zin, hastal\u0131k gibi s\u00fcre\u00e7lerini y\u00f6netir. Tazminatlar\u0131n\u0131 \u00fcstlenir.<\/li>\n<li>CRM sistemiyle t\u00fcm i\u015flemleri size raporlar.<\/li>\n<li>7 g\u00fcn 24 saat sundu\u011fu ki\u015fisel hizmetlerle m\u00fc\u015fterilerinin hayatlar\u0131n\u0131 kolayla\u015ft\u0131r\u0131r.<\/li>\n<li>Rezidans, ofis ve AVM\u2019lere hizmet kalitesiyle de\u011fer katar, dilerseniz kiralad\u0131\u011f\u0131n\u0131z hizmetleri y\u00f6netir.<\/li>\n<li>Markalara yenilik\u00e7i tan\u0131t\u0131m imkanlar\u0131 sunar.<\/li>\n<\/ul>\n<p>[\/vc_column_text][vc_empty_space][\/vc_column_inner][\/vc_row_inner][\/vc_column][\/vc_row][vc_row full_width=&#8221;stretch_row&#8221; simple_background_color=&#8221;#ffffff&#8221;][vc_column][vc_empty_space][vc_custom_heading text=&#8221;Alfred Ne Yapar?&#8221; font_container=&#8221;tag:h2|text_align:center&#8221; use_theme_fonts=&#8221;yes&#8221;][vc_empty_space][vc_row_inner row_content_width=&#8221;grid&#8221; content_text_aligment=&#8221;center&#8221;][vc_column_inner width=&#8221;1\/2&#8243;]<div class=\"edgtf-iwt clearfix  edgtf-iwt-icon-top edgtf-iwt-icon-medium\">\n\t<div class=\"edgtf-iwt-icon\">\n\t\t\t\t\t\t\t\t\t    <span class=\"edgtf-icon-shortcode edgtf-normal   edgtf-icon-medium\"  >\n                    <i class=\"edgtf-icon-font-awesome fa fa-user edgtf-icon-element\" style=\"\" ><\/i>            <\/span>\n\t\t\t\t\t\t<\/div>\n\t<div class=\"edgtf-iwt-content\" >\n\t\t\t\t\t<h5 class=\"edgtf-iwt-title\" >\n\t\t\t\t\t\t\t\t<span class=\"edgtf-iwt-title-text\">Ki\u015fisel Hizmetler<\/span>\n\t\t\t\t\t\t\t<\/h5>\n\t\t\t\t\t\t\t<p class=\"edgtf-iwt-text\" >Mobil uygulamas\u0131, \u00e7a\u011fr\u0131 merkezi veya e-posta arac\u0131l\u0131\u011f\u0131yla t\u00fcm m\u00fc\u015fterilerinin hayatlar\u0131n\u0131 kolayla\u015ft\u0131r\u0131r.<\/p>\n\t\t\t<\/div>\n<\/div>[vc_empty_space][\/vc_column_inner][vc_column_inner width=&#8221;1\/2&#8243;]<div class=\"edgtf-iwt clearfix  edgtf-iwt-icon-top edgtf-iwt-icon-medium\">\n\t<div class=\"edgtf-iwt-icon\">\n\t\t\t\t\t\t\t\t\t    <span class=\"edgtf-icon-shortcode edgtf-normal   edgtf-icon-medium\"  >\n                    <i class=\"edgtf-icon-font-awesome fa fa-user-tie edgtf-icon-element\" style=\"\" ><\/i>            <\/span>\n\t\t\t\t\t\t<\/div>\n\t<div class=\"edgtf-iwt-content\" >\n\t\t\t\t\t<h5 class=\"edgtf-iwt-title\" >\n\t\t\t\t\t\t\t\t<span class=\"edgtf-iwt-title-text\">Kurumsal Hizmetler<\/span>\n\t\t\t\t\t\t\t<\/h5>\n\t\t\t\t\t\t\t<p class=\"edgtf-iwt-text\" >Rezidanslar, ofisler, AVM&#039;ler, bankalar, otomotiv ve lojistik \u015firketlerindeki yerle\u015fik kadrolar\u0131yla kurumlara de\u011fer katar.<\/p>\n\t\t\t<\/div>\n<\/div>[vc_empty_space][\/vc_column_inner][\/vc_row_inner][vc_empty_space][\/vc_column][\/vc_row]<\/p>","protected":false},"excerpt":{"rendered":"<p>[vc_row][vc_column][vc_row_inner row_content_width=&#8221;grid&#8221;][vc_column_inner width=&#8221;1\/2&#8243;][vc_empty_space][vc_single_image source=&#8221;featured_image&#8221; img_size=&#8221;large&#8221; style=&#8221;vc_box_rounded&#8221;][vc_empty_space][\/vc_column_inner][vc_column_inner width=&#8221;1\/2&#8243;][vc_empty_space][vc_custom_heading text=&#8221;Alfred Kimdir?&#8221; use_theme_fonts=&#8221;yes&#8221;][vc_column_text]Alfred \u201cBatman\u201d film karakterinin her zaman yan\u0131nda olan, hayat\u0131n\u0131 kolayla\u015ft\u0131ran yard\u0131mc\u0131s\u0131d\u0131r. \u0130smini bu karakterden alan Alfred Concierge Services, uluslararas\u0131 standartlarda hayat\u0131 kolayla\u015ft\u0131ran saatlik, g\u00fcnl\u00fck, haftal\u0131k ve ayl\u0131k hizmetler sunar. Dilerseniz bu [&hellip;]<\/p>\n","protected":false},"author":1,"featured_media":2777,"parent":0,"menu_order":0,"comment_status":"closed","ping_status":"closed","template":"","meta":[],"_links":{"self":[{"href":"https:\/\/alfred.com.tr\/tr\/wp-json\/wp\/v2\/pages\/2788"}],"collection":[{"href":"https:\/\/alfred.com.tr\/tr\/wp-json\/wp\/v2\/pages"}],"about":[{"href":"https:\/\/alfred.com.tr\/tr\/wp-json\/wp\/v2\/types\/page"}],"author":[{"embeddable":true,"href":"https:\/\/alfred.com.tr\/tr\/wp-json\/wp\/v2\/users\/1"}],"replies":[{"embeddable":true,"href":"https:\/\/alfred.com.tr\/tr\/wp-json\/wp\/v2\/comments?post=2788"}],"version-history":[{"count":0,"href":"https:\/\/alfred.com.tr\/tr\/wp-json\/wp\/v2\/pages\/2788\/revisions"}],"wp:featuredmedia":[{"embeddable":true,"href":"https:\/\/alfred.com.tr\/tr\/wp-json\/wp\/v2\/media\/2777"}],"wp:attachment":[{"href":"https:\/\/alfred.com.tr\/tr\/wp-json\/wp\/v2\/media?parent=2788"}],"curies":[{"name":"wp","href":"https:\/\/api.w.org\/{rel}","templated":true}]}}