{"id":2779,"date":"2020-11-11T07:35:24","date_gmt":"2020-11-11T07:35:24","guid":{"rendered":"https:\/\/alfred.com.tr\/?page_id=2779"},"modified":"2024-06-13T12:41:25","modified_gmt":"2024-06-13T12:41:25","slug":"ozel-paket-evrak-kurye-hizmeti","status":"publish","type":"page","link":"https:\/\/alfred.com.tr\/tr\/kisisel\/ozel-paket-evrak-kurye-hizmeti\/","title":{"rendered":"\u00d6zel Paket\/Evrak Kurye Hizmeti"},"content":{"rendered":"<p>[vc_row css=&#8221;.vc_custom_1603803044061{background-color: #ffffff !important;}&#8221;][vc_column][vc_row_inner row_content_width=&#8221;grid&#8221;][vc_column_inner width=&#8221;1\/2&#8243;][vc_single_image source=&#8221;featured_image&#8221; img_size=&#8221;large&#8221; style=&#8221;vc_box_rounded&#8221;][\/vc_column_inner][vc_column_inner width=&#8221;1\/2&#8243;][vc_column_text]Siz evde, ofiste veya seyahatteyken acil bir paket ya da evrak iletmeniz gerekti\u011finde saatlik \u00f6zel asistan hizmetimizden yararlanabilirsiniz.<\/p>\n<ul>\n<li>Dilerseniz saatlik asistan\u0131n\u0131z resmi i\u015flerinizi de takip edip, sonland\u0131rabilir.<\/li>\n<li>Bu hizmetimizden 7 g\u00fcn 24 saat yararlanabilirsiniz.<\/li>\n<li>\u00d6zel paket \/ evrak kurye hizmetinden yararlanmak i\u00e7in mobil uygulamam\u0131z Alfy\u2019i kullanabilir, e-posta atabilir veya arayabilirsiniz.<\/li>\n<li>\u00d6demenizi nakit ya da kredi kart\u0131 ile yapabilirsiniz.<\/li>\n<\/ul>\n<p>[\/vc_column_text][vc_column_text][\/vc_column_text][\/vc_column_inner][\/vc_row_inner][\/vc_column][\/vc_row][vc_row css=&#8221;.vc_custom_1603803044061{background-color: #ffffff !important;}&#8221;][vc_column][vc_row_inner row_content_width=&#8221;grid&#8221; content_text_aligment=&#8221;center&#8221;][vc_column_inner]<div class=\"edgtf-section-title-holder  edgtf-cf-9213 \" style=\"text-align: center\" data-item-class=\"edgtf-cf-9213\">\n\t<div class=\"edgtf-st-inner\">\n\t\t\t\t\t<h3 class=\"edgtf-st-title\" >\n\t\t\t\t\u015eimdi Kiralay\u0131n\t\t\t<\/h3>\n\t\t\t\t\t\t\t<\/div>\n<\/div>[vc_column_text]<span style=\"margin: 10px; display: inline-block;\"><a href=\"https:\/\/play.google.com\/store\/apps\/details?id=com.alfredrider\"><img loading=\"lazy\" class=\"\" src=\"https:\/\/alfred.com.tr\/wp-content\/uploads\/2020\/10\/Google_Play_Store.svg\" alt=\"\" width=\"200\" height=\"60\" \/><\/a><\/span><span style=\"margin: 10px; display: inline-block;\"><a href=\"https:\/\/apps.apple.com\/tr\/app\/alfy\/id1456398381?l=tr\"><img loading=\"lazy\" class=\"alignnone size-medium wp-image-2567\" src=\"https:\/\/alfred.com.tr\/wp-content\/uploads\/2020\/10\/App_Store_Badge.svg\" alt=\"\" width=\"200\" height=\"60\" \/><\/a><\/span>[\/vc_column_text]<a itemprop=\"url\" href=\"tel:+902123463046\" target=\"_self\" style=\"color: #ffffff;margin: 10px\" class=\"edgtf-btn edgtf-btn-small edgtf-btn-solid edgtf-btn-icon\"  >\n    <span class=\"edgtf-btn-text\">0 (212) 346 30 46<\/span>\n    <i class=\"edgtf-icon-font-awesome fa fa-phone \" ><\/i>                <\/a><a itemprop=\"url\" href=\"mailto:alfy@alfred.com.tr\" target=\"_blank\" style=\"color: #ffffff;margin: 10px\" class=\"edgtf-btn edgtf-btn-small edgtf-btn-solid edgtf-btn-icon\"  >\n    <span class=\"edgtf-btn-text\">alfy@alfred.com.tr<\/span>\n    <i class=\"edgtf-icon-font-awesome fa fa-envelope \" ><\/i>                <\/a>[vc_empty_space][\/vc_column_inner][\/vc_row_inner][\/vc_column][\/vc_row][vc_row row_content_width=&#8221;grid&#8221; content_text_aligment=&#8221;center&#8221;][vc_column][vc_separator][vc_empty_space]<div class=\"edgtf-section-title-holder  edgtf-cf-4402 \" style=\"text-align: center\" data-item-class=\"edgtf-cf-4402\">\n\t<div class=\"edgtf-st-inner\">\n\t\t\t\t\t<h2 class=\"edgtf-st-title\" >\n\t\t\t\tAlfred - Alfy nas\u0131l \u00e7al\u0131\u015f\u0131r?\t\t\t<\/h2>\n\t\t\t\t\t\t\t<\/div>\n<\/div>[vc_empty_space height=&#8221;64px&#8221;]<div class=\"edgtf-process-holder  edgtf-four-columns edgtf-responsive-768\">\n    <div class=\"edgtf-process-bg-holder\">\n        <svg xmlns=\"http:\/\/www.w3.org\/2000\/svg\" width=\"1095\" height=\"126\" viewBox=\"0 0 1095.3 126\"><path d=\"M2.3 58c0 0 70 50.4 177 52 101.5 1.5 145.1-20.7 170-31.8 5.9-2.6 38.9-20.5 38.9-20.5 3.8-2.8 72.7-43.4 159.4-43.7s132.1 29.3 162.3 45.4c0 0 26.6 14.5 36.7 19.3 2.9 1.4 64.7 29.3 169.7 30.3s166-46.3 178-50\" style=\"fill:none;stroke-width:2;stroke:#F1CFC6\"\/><\/svg>\n    <\/div>\n\t<div class=\"edgtf-process-inner\">\n\t\t<div class=\"edgtf-process-item \">\n    <div class=\"edgtf-process-circle\"><i class=\"edgtf-icon-font-awesome fa fa-hand-point-up edgtf-icon-element\" style=\"color: #1d1d1d\" ><\/i><\/div>\n\t<div class=\"edgtf-pi-content\">\n\t\t\t\t\t\t\t<p class=\"edgtf-pi-text\" >Kiralamak istedi\u011finiz ki\u015fisel ya da kurumsal hizmeti se\u00e7in.<\/p>\n\t\t\t<\/div>\n<\/div><div class=\"edgtf-process-item \">\n    <div class=\"edgtf-process-circle\"><i class=\"edgtf-icon-font-awesome fa fa-headset edgtf-icon-element\" style=\"color: #1d1d1d\" ><\/i><\/div>\n\t<div class=\"edgtf-pi-content\">\n\t\t\t\t\t\t\t<p class=\"edgtf-pi-text\" >Talebinizi bize e-posta, telefon ya da mobil uygulamam\u0131z arac\u0131l\u0131\u011f\u0131yla iletin.<\/p>\n\t\t\t<\/div>\n<\/div><div class=\"edgtf-process-item \">\n    <div class=\"edgtf-process-circle\"><i class=\"edgtf-icon-font-awesome fa fa-smile edgtf-icon-element\" style=\"color: #1d1d1d\" ><\/i><\/div>\n\t<div class=\"edgtf-pi-content\">\n\t\t\t\t\t\t\t<p class=\"edgtf-pi-text\" >Saatlik, g\u00fcnl\u00fck, haftal\u0131k ya da ayl\u0131k kiralama \u00fccretini \u00f6\u011frenin, kiralay\u0131n.<\/p>\n\t\t\t<\/div>\n<\/div><div class=\"edgtf-process-item \">\n    <div class=\"edgtf-process-circle\"><i class=\"edgtf-icon-font-awesome fa fa-user-tie edgtf-icon-element\" style=\"color: #1d1d1d\" ><\/i><\/div>\n\t<div class=\"edgtf-pi-content\">\n\t\t\t\t\t\t\t<p class=\"edgtf-pi-text\" >Dilerseniz, kiralad\u0131\u011f\u0131n\u0131z kurumsal hizmetleri sizin yerinize biz y\u00f6netelim.<\/p>\n\t\t\t<\/div>\n<\/div>\t<\/div>\n<\/div>[vc_empty_space][\/vc_column][\/vc_row]<\/p>","protected":false},"excerpt":{"rendered":"<p>[vc_row css=&#8221;.vc_custom_1603803044061{background-color: #ffffff !important;}&#8221;][vc_column][vc_row_inner row_content_width=&#8221;grid&#8221;][vc_column_inner width=&#8221;1\/2&#8243;][vc_single_image source=&#8221;featured_image&#8221; img_size=&#8221;large&#8221; style=&#8221;vc_box_rounded&#8221;][\/vc_column_inner][vc_column_inner width=&#8221;1\/2&#8243;][vc_column_text]Siz evde, ofiste veya seyahatteyken acil bir paket ya da evrak iletmeniz gerekti\u011finde saatlik \u00f6zel asistan hizmetimizden yararlanabilirsiniz. Dilerseniz saatlik asistan\u0131n\u0131z resmi i\u015flerinizi de takip edip, sonland\u0131rabilir. Bu hizmetimizden 7 g\u00fcn [&hellip;]<\/p>\n","protected":false},"author":1,"featured_media":3142,"parent":2639,"menu_order":0,"comment_status":"closed","ping_status":"closed","template":"full-width.php","meta":[],"_links":{"self":[{"href":"https:\/\/alfred.com.tr\/tr\/wp-json\/wp\/v2\/pages\/2779"}],"collection":[{"href":"https:\/\/alfred.com.tr\/tr\/wp-json\/wp\/v2\/pages"}],"about":[{"href":"https:\/\/alfred.com.tr\/tr\/wp-json\/wp\/v2\/types\/page"}],"author":[{"embeddable":true,"href":"https:\/\/alfred.com.tr\/tr\/wp-json\/wp\/v2\/users\/1"}],"replies":[{"embeddable":true,"href":"https:\/\/alfred.com.tr\/tr\/wp-json\/wp\/v2\/comments?post=2779"}],"version-history":[{"count":3,"href":"https:\/\/alfred.com.tr\/tr\/wp-json\/wp\/v2\/pages\/2779\/revisions"}],"predecessor-version":[{"id":3383,"href":"https:\/\/alfred.com.tr\/tr\/wp-json\/wp\/v2\/pages\/2779\/revisions\/3383"}],"up":[{"embeddable":true,"href":"https:\/\/alfred.com.tr\/tr\/wp-json\/wp\/v2\/pages\/2639"}],"wp:featuredmedia":[{"embeddable":true,"href":"https:\/\/alfred.com.tr\/tr\/wp-json\/wp\/v2\/media\/3142"}],"wp:attachment":[{"href":"https:\/\/alfred.com.tr\/tr\/wp-json\/wp\/v2\/media?parent=2779"}],"curies":[{"name":"wp","href":"https:\/\/api.w.org\/{rel}","templated":true}]}}