{"id":3,"date":"2020-10-25T10:19:53","date_gmt":"2020-10-25T10:19:53","guid":{"rendered":"https:\/\/alfred.com.tr\/?page_id=3"},"modified":"2020-11-12T11:45:22","modified_gmt":"2020-11-12T11:45:22","slug":"gizlilik-politikasi","status":"publish","type":"page","link":"https:\/\/alfred.com.tr\/en\/gizlilik-politikasi\/","title":{"rendered":"Gizlilik Politikas\u0131"},"content":{"rendered":"<p>[vc_row][vc_column][vc_empty_space][vc_column_text]<\/p>\n<p class=\"thumb_p\">Alfred Concierge Services A.\u015e. (&#8220;\u015eirket&#8221;) olarak sahip oldu\u011fumuz <a href=\"https:\/\/www.alfred.com.tr\/\" target=\"_blank\" rel=\"noopener noreferrer\">alfred.com.tr<\/a> web sitemizin (&#8220;Web Sitesi&#8221;) ziyaret\u00e7ilerinin gizlilik ve ki\u015fisel verilerinin korunmas\u0131 haklar\u0131n\u0131 g\u00f6zeterek ziyaret\u00e7ilerimize daha iyi bir kullan\u0131m deneyimi sa\u011flayabilmek i\u00e7in ki\u015fisel verilerini i\u015flemekte ve internet \u00e7erezleri kullanmaktay\u0131z. Bu \u00c7erez Kullan\u0131m\u0131 Politikas\u0131 (&#8220;Politika&#8221;), t\u00fcm Web Sitesi ziyaret\u00e7ilerimize ve kullan\u0131c\u0131lar\u0131m\u0131za hangi t\u00fcr \u00e7erezlerin hangi ko\u015fullarda kullan\u0131ld\u0131\u011f\u0131n\u0131 a\u00e7\u0131klamaktad\u0131r.<\/p>\n<p class=\"thumb_p\">Bu Politika, Web Sitesi&#8217;ne hangi teknolojilerle, hangi y\u00f6ntemlerle ve ne \u015fekilde ba\u011fland\u0131\u011f\u0131n\u0131za ba\u011fl\u0131 olmaks\u0131z\u0131n uygulanmaktad\u0131r. Dolay\u0131s\u0131yla bu Politika&#8217;y\u0131 dikkatlice okuyup ileride inceleyebilmeniz a\u00e7\u0131s\u0131ndan bir kopyas\u0131n\u0131 alman\u0131z\u0131 tavsiye ederiz.<\/p>\n<p class=\"thumb_p\"><b>I. Re\u015fit Olmayanlar<\/b><\/p>\n<p class=\"thumb_p\"><b>II. \u00c7erez Nedir ve Hangi Ama\u00e7larla Kullan\u0131l\u0131r?<\/b><\/p>\n<p class=\"thumb_p\">\u00c7erez, internet siteleri taraf\u0131ndan eri\u015fim sa\u011flad\u0131\u011f\u0131n\u0131z bilgisayar\u0131n\u0131za, cep telefonlar\u0131n\u0131za, tabletlerinize veya di\u011fer mobil cihazlar\u0131n\u0131za kaydedilen k\u00fc\u00e7\u00fck veri depolama dosyalar\u0131d\u0131r. Bu dosyada Web Sitesi gezintinize ait bilgiler saklan\u0131r. B\u00f6ylelikle eri\u015fim sa\u011flad\u0131\u011f\u0131n\u0131z cihazlar\u0131n\u0131z Web Sitesi&#8217;ni tekrar kulland\u0131\u011f\u0131n\u0131zda bu verilerinizi hat\u0131rlayacakt\u0131r. Dolay\u0131s\u0131yla \u00e7erezler, Web Sitesi&#8217;ni etkili ve daha kolay kullanabilmeniz i\u00e7in gerekli ve \u00f6nemlidir. \u00c7erezler ayr\u0131ca Web Sitesi&#8217;nde ve \u00fc\u00e7\u00fcnc\u00fc ki\u015filerin web sitelerinde size daha uygun hizmet, \u00fcr\u00fcn veya teklifler sunabilmemiz i\u00e7in kullan\u0131lmaktad\u0131r.<\/p>\n<p class=\"thumb_p\">\u00c7erezlerin kullan\u0131lmas\u0131n\u0131n temel ama\u00e7lar\u0131;<\/p>\n<ul class=\"alfredTextAlignLeft\">\n<li>Web Sitesi&#8217;nin daha etkili kullan\u0131labilmesi i\u00e7in baz\u0131 teknik verilere ihtiya\u00e7 duyulmas\u0131,<\/li>\n<li>\u015eirket&#8217;in sizin Web Sitesi&#8217;ni tarama ve kullanma tercih ve al\u0131\u015fkanl\u0131klar\u0131n\u0131za ili\u015fkin bilgilerin toplanmas\u0131,<\/li>\n<li>\u015eirket&#8217;in, 5651 say\u0131l\u0131 Internet Ortam\u0131nda Yap\u0131lan Yay\u0131nlar\u0131n D\u00fczenlenmesi ve Bu Yay\u0131nlar Yoluyla \u0130\u015flenen Su\u00e7larla M\u00fccadele Edilmesi Hakk\u0131nda Kanun ve Internet Ortam\u0131nda Yap\u0131lan Yay\u0131nlar\u0131n D\u00fczenlenmesine Dair Usul ve Esaslar Hakk\u0131nda Y\u00f6netmelik&#8217;ten kaynaklananlar ba\u015fta olmak \u00fczere, kanuni ve s\u00f6zle\u015fmesel y\u00fck\u00fcml\u00fcl\u00fcklerini yerine getirebilmesi i\u00e7in IP adresiniz gibi ki\u015fisel verilerinize ihtiya\u00e7 duymas\u0131,<\/li>\n<\/ul>\n<p class=\"thumb_p\"><b>III. \u00c7erezlerle Hangi T\u00fcr Verilerinizi \u0130\u015fliyoruz?<\/b><\/p>\n<p class=\"thumb_p\">\u00c7erezler, t\u00fcrlerine ba\u011fl\u0131 olmak \u00fczere, genel olarak, Web Sitesi&#8217;ne eri\u015fti\u011finiz cihazda tarama ve kullan\u0131m tercihlerinize ili\u015fkin verileri toplamaktad\u0131r. Bu veriler, eri\u015fti\u011finiz sayfalar\u0131, inceledi\u011finiz hizmet ve \u00fcr\u00fcnlerimizi, Web Sitesi&#8217;nde yapt\u0131\u011f\u0131n\u0131z gezintiye ili\u015fkin t\u00fcm bilgileri kapsamaktad\u0131r.<\/p>\n<p class=\"thumb_p\"><b>IV. Hangi T\u00fcr \u00c7erezleri Hangi \u015eekillerde Kullan\u0131yoruz?<\/b><\/p>\n<p class=\"thumb_p\">Web Sitesi&#8217;nde farkl\u0131 t\u00fcrlerde \u00e7erezler kullanmaktay\u0131z. Bunlar Web Sitesi&#8217;nin \u00e7al\u0131\u015fmas\u0131n\u0131 sa\u011flamak i\u00e7in kullan\u0131lmas\u0131 zorunlu olan \u00e7erezler, i\u015flev \u00e7erezleri, analiz\/performans \u00e7erezleri ve hedefleme\/reklam \u00e7erezleridir.<\/p>\n<p class=\"thumb_p\"><b>KULLANIM BAKIMINDAN \u00c7EREZ T\u00dcRLER\u0130:<\/b><\/p>\n<p class=\"thumb_p\">Kal\u0131c\u0131 \u00c7erezler (Persistent Cookies): Ki\u015finin bilgisayar\u0131nda belirli bir tarihe veya kullan\u0131c\u0131 taraf\u0131ndan silinene kadar varl\u0131\u011f\u0131n\u0131 s\u00fcrd\u00fcren \u00e7erezlerdir. Bu \u00e7erezler, \u00e7o\u011funlukla kullan\u0131c\u0131lar\u0131n site hareketlerini ve tercihlerini \u00f6l\u00e7mek amac\u0131yla kullan\u0131l\u0131r.<\/p>\n<p class=\"thumb_p\">Oturum \u00c7erezleri (Session Cookies): Bu \u00e7erezler kullan\u0131c\u0131n\u0131n ziyaretini oturumlara ay\u0131rmak i\u00e7in kullan\u0131l\u0131r ve kullan\u0131c\u0131dan veri toplamaz. \u00c7erez, kullan\u0131c\u0131 ziyaret etti\u011fi web sayfas\u0131n\u0131 kapatt\u0131\u011f\u0131nda veya belli bir s\u00fcre pasif kald\u0131\u011f\u0131nda silinir. Web Sitesi&#8217;nde \u00fc\u00e7\u00fcnc\u00fc ki\u015filerin ba\u015fta reklam hizmetleri olmak \u00fczere hizmet sa\u011flamas\u0131na yard\u0131mc\u0131 olmak ve bu hizmetlerin etkinli\u011fini art\u0131rmak i\u00e7in hedef ve izleme \u00e7erezleri kullan\u0131l\u0131r. Bu \u00e7erezler, ziyaret etti\u011finiz web sayfalar\u0131n\u0131 ve siteleri hat\u0131rlayabilir ve ba\u015fta kullan\u0131c\u0131 cihaz\u0131n\u0131n IP adresi olmak \u00fczere ki\u015fisel verileri toplayabilir. Web Sitesi, bilgi toplamak, ilgi alanlar\u0131n\u0131z\u0131 ve demografik verileri hat\u0131rlamak ve size hedeflenmi\u015f reklamlar\u0131 sunmak, reklamlar\u0131 iyile\u015ftirmek ziyaret edilme ve reklam g\u00f6sterimleri say\u0131s\u0131n\u0131, reklam hizmetlerinin di\u011fer kullan\u0131mlar\u0131n\u0131 ve bu reklam g\u00f6sterimleri ve reklam hizmetleriyle ilgili etkile\u015fimler aras\u0131ndaki oran\u0131 belirlemek i\u00e7in hem birinci taraf hem de \u00fc\u00e7\u00fcnc\u00fc taraf \u00e7erezlerini kullanmaktad\u0131r. Web Sitesi; Facebook ve LinkedIn gibi sosyal a\u011flara ba\u011flant\u0131 sa\u011flayan sosyal eklentilerden faydalanmaktad\u0131r. Web Sitesi&#8217;ni ziyaret etti\u011finizde ve bu eklentileri kulland\u0131\u011f\u0131n\u0131zda, Web Sitesi do\u011frudan se\u00e7ilen sosyal a\u011f\u0131n sunucusuna ba\u011flan\u0131r. Ard\u0131ndan, eklentinin sundu\u011fu i\u00e7erik do\u011frudan sosyal a\u011flardan web taray\u0131c\u0131n\u0131za iletilir ve ziyaret etmekte oldu\u011funuz web sitesine eklenir. B\u00f6ylelikle ilgili sosyal a\u011f size ait verilere ula\u015farak i\u015fleyebilir ve ilgili sosyal a\u011fdaki hesab\u0131n\u0131za ait verilerle birle\u015ftirebilir.<\/p>\n<p class=\"thumb_p\">L\u00fctfen sosyal a\u011flar\u0131n eklentiler arac\u0131l\u0131\u011f\u0131yla i\u015fledi\u011fi verilerin kapsam\u0131 \u00fczerinde herhangi bir etkimiz ve kontrol\u00fcm\u00fcz olmad\u0131\u011f\u0131n\u0131 unutmay\u0131n. Sosyal a\u011flar\u0131n ki\u015fisel verilerinizi hangi ama\u00e7la, hangi y\u00f6ntemlerle ve hangi s\u00fcreyle i\u015fleyece\u011fine ili\u015fkin daha fazla bilgi almak i\u00e7in l\u00fctfen ilgili sosyal a\u011flar taraf\u0131ndan yay\u0131nlanan ki\u015fisel verilerin i\u015flenmesi politikalar\u0131n\u0131 dikkatlice inceleyin.<\/p>\n<p class=\"thumb_p\">Web Sitesi&#8217;nde a\u015fa\u011f\u0131da yer alan \u00e7erezler kullanmaktad\u0131r:<\/p>\n<table>\n<tbody>\n<tr>\n<th>\u00c7erezin Ad\u0131<\/th>\n<th>Kullan\u0131m Amac\u0131<\/th>\n<th>Kullan\u0131m S\u00fcresi<\/th>\n<\/tr>\n<tr>\n<td>Google Analytics<\/td>\n<td>Google Analytics, \u00e7erezleri ziyaret\u00e7ilerin Web Sitesini nas\u0131l kulland\u0131klar\u0131n\u0131 analiz etmek amac\u0131yla kullan\u0131r. Bu Web Sitesini kullan\u0131m\u0131n\u0131zla ilgili bilgiler (IP adresiniz dahil) Google&#8217;a aktar\u0131larak Google taraf\u0131ndan ABD&#8217;deki sunucularda saklanmaktad\u0131r. Google bu bilgileri Web Sitesini kullan\u0131m\u0131n\u0131z\u0131 de\u011ferlendirmek, \u015eirket i\u00e7in Web Sitesi faaliyetini derlemek ve Web Sitesi faaliyeti ve internet kullan\u0131m\u0131yla ilgili ba\u015fka hizmetler sa\u011flamak amac\u0131yla kullanacakt\u0131r, fakat IP adresinizi Google taraf\u0131ndan depolanan di\u011fer verilerle e\u015fle\u015ftirmeyecektir. Google Analytics kullan\u0131m\u0131 hakk\u0131nda daha fazla bilgi i\u00e7in (reddetme se\u00e7enekleri dahil), \u015fu adresi ziyaret edebilirsiniz: http:\/\/www.google.co.uk\/intl\/en\/analytics\/privacyoverview.html.<\/td>\n<td>Kal\u0131c\u0131 \u00c7erezler Oturum \u00c7erezleri<\/td>\n<\/tr>\n<\/tbody>\n<\/table>\n<p class=\"thumb_p\"><b>V. \u00c7erezlerin Kullan\u0131lmas\u0131n\u0131 Nas\u0131l Engelleyebilirsiniz?<\/b><\/p>\n<p class=\"thumb_p\">\u00c7erezlerin kullan\u0131lmas\u0131 Web Sitesi&#8217;nin daha iyi hizmet vermekle birlikte e\u011fer dilerseniz \u00e7erezlerin kullan\u0131lmas\u0131n\u0131 engelleyebilirsiniz. Ancak bu takdirde sitenin tam olarak i\u015flevini g\u00f6sterememesi ve t\u00fcm \u00f6zelliklerinden yararlanamayabilece\u011finizi unutmay\u0131n\u0131z. \u00c7erezlerin kullan\u0131lmas\u0131n\u0131 engellemek i\u00e7in kulland\u0131\u011f\u0131n\u0131z internet taray\u0131c\u0131n\u0131z\u0131n ayarlar\u0131n\u0131z\u0131 de\u011fi\u015ftirmeniz gerekmektedir. Bu de\u011fi\u015fiklikler kulland\u0131\u011f\u0131n\u0131z cihaz ve internet taray\u0131c\u0131s\u0131na g\u00f6re de\u011fi\u015fiklik g\u00f6stermektedir. A\u015fa\u011f\u0131da farkl\u0131 internet taray\u0131c\u0131lar\u0131 \u00fczerinden \u00e7erezlerin kullan\u0131lmas\u0131n\u0131 engellemek i\u00e7in hangi ad\u0131mlar\u0131n izlenmesi gerekti\u011fine ili\u015fkin bilgiler yer almaktad\u0131r:<\/p>\n<p class=\"thumb_p\"><b>\u2022 Internet Explorer<\/b><\/p>\n<ol class=\"alfredTextAlignLeft\">\n<li>Masa\u00fcst\u00fcn\u00fc a\u00e7\u0131n ve g\u00f6rev \u00e7ubu\u011funda Internet Explorer simgesine dokunun veya t\u0131klay\u0131n.<\/li>\n<li>Ara\u00e7lar d\u00fc\u011fmesine ve \u0130nternet se\u00e7enekleri&#8217;ne dokunun veya t\u0131klay\u0131n.<\/li>\n<li>Gizlilik sekmesine dokunun veya t\u0131klay\u0131n, ard\u0131ndan t\u00fcm tan\u0131mlama bilgilerini engellemek i\u00e7in Ayarlar&#8217;\u0131n alt\u0131nda bulunan kayd\u0131r\u0131c\u0131y\u0131 yukar\u0131ya hareket ettirin ve Tamam d\u00fc\u011fmesine dokunun veya t\u0131klay\u0131n.<\/li>\n<\/ol>\n<p class=\"thumb_p\"><b>\u2022 Microsoft Edge<\/b><\/p>\n<ol class=\"alfredTextAlignLeft\">\n<li>Microsoft Edge taray\u0131c\u0131n\u0131z\u0131n sa\u011f \u00fcst k\u00f6\u015fesinden \u00fc\u00e7 nokta i\u015fareti olan b\u00f6l\u00fcme t\u0131klay\u0131n ve Ayarlar b\u00f6l\u00fcm\u00fcne gelin.<\/li>\n<li>Kar\u015f\u0131n\u0131za gelen yeni pencereden Temizlenecek \u00d6\u011feleri Se\u00e7 dedikten sonra kar\u015f\u0131n\u0131za gelen pencereden temizlemek istedi\u011finiz b\u00f6l\u00fcmleri se\u00e7in.<\/li>\n<li>Burada bir\u00e7ok b\u00f6l\u00fcm bulunmaktad\u0131r. \u0130stedi\u011finizi se\u00e7erek temizleme i\u015flemine ba\u015flayabilirsiniz.<\/li>\n<\/ol>\n<p class=\"thumb_p\"><b>\u2022 Google Chrome<\/b><\/p>\n<ol class=\"alfredTextAlignLeft\">\n<li>Bilgisayar\u0131n\u0131zda Chrome&#8217;u a\u00e7\u0131n.<\/li>\n<li>Sa\u011f \u00fcstte Di\u011fer Ayarlar&#8217;\u0131 t\u0131klay\u0131n.<\/li>\n<li>Altta Geli\u015fmi\u015f&#8217;i t\u0131klay\u0131n.<\/li>\n<li>&#8220;Gizlilik ve g\u00fcvenlik&#8221;in alt\u0131nda \u0130\u00e7erik ayarlar\u0131&#8217;n\u0131 t\u0131klay\u0131n.<\/li>\n<li>\u00c7erezler&#8217;i t\u0131klay\u0131n.<\/li>\n<li>&#8220;T\u00fcm \u00e7erezler ve site verileri&#8221;nin alt\u0131nda Web Sitesi&#8217;nin ad\u0131n\u0131 aray\u0131n.<\/li>\n<li>Sitenin sa\u011f\u0131ndaki Kald\u0131r simgesini t\u0131klay\u0131n<\/li>\n<\/ol>\n<p class=\"thumb_p\"><b>\u2022 Google Chrome<\/b><\/p>\n<ol class=\"alfredTextAlignLeft\">\n<li>Firefox Men\u00fc d\u00fc\u011fmesine t\u0131klay\u0131n ve Se\u00e7enekler&#8217;i se\u00e7in.<\/li>\n<li>Gizlilik ve G\u00fcvenlik panelini se\u00e7in ve Ge\u00e7mi\u015f b\u00f6l\u00fcm\u00fcne gidin.<\/li>\n<li>Firefox ayar\u0131n\u0131 ge\u00e7mi\u015f i\u00e7in \u00f6zel ayarlar\u0131 kullans\u0131n olarak de\u011fi\u015ftirin.<\/li>\n<li>\u00c7erezleri g\u00f6ster&#8230; d\u00fc\u011fmesine t\u0131klay\u0131n. \u00c7erezler penceresi g\u00f6r\u00fcnecektir.<\/li>\n<li>Arama: alan\u0131na, \u00e7erezlerini silmek istedi\u011finiz sitenin ad\u0131n\u0131 yaz\u0131n. Araman\u0131zla e\u015fle\u015fen \u00e7erezler g\u00f6r\u00fcnt\u00fclenecektir.<\/li>\n<li>Silmek istedi\u011finiz \u00e7erez(ler)i se\u00e7ip Se\u00e7ilenleri sil d\u00fc\u011fmesine t\u0131klay\u0131n.<\/li>\n<li>Kapat d\u00fc\u011fmesine t\u0131klayarak \u00c7erezler penceresini kapat\u0131n. Sonra da about:preferences sayfas\u0131n\u0131 kapat\u0131n<\/li>\n<\/ol>\n<p class=\"thumb_p\"><b>\u2022 Safari<\/b><\/p>\n<ol class=\"alfredTextAlignLeft\">\n<li>Safari &gt; Tercihler&#8217;i se\u00e7in.<\/li>\n<li>Gizlilik \u00f6\u011fesini t\u0131klay\u0131n.<\/li>\n<li>Web Sitesi Verilerini t\u0131klay\u0131n.<\/li>\n<li>Bir veya daha fazla web sitesi se\u00e7in ve sonra Sil veya T\u00fcm\u00fcn\u00fc Sil&#8217;e t\u0131klay\u0131n.<\/li>\n<\/ol>\n<p class=\"thumb_p\">Di\u011fer ana web taray\u0131c\u0131lar\u0131nda bu i\u015flemin nas\u0131l yap\u0131laca\u011f\u0131 hakk\u0131nda daha fazla bilgiyi <a href=\"https:\/\/www.esb.org.tr\/cerez-bellek\" target=\"_blank\" rel=\"noopener noreferrer\">www.esb.org.tr\/cerez-bellek<\/a> veya <a href=\"https:\/\/www.aboutcookies.org\/\" target=\"_blank\" rel=\"noopener noreferrer\">www.aboutcookies.org<\/a>adresinde bulabilirsiniz.<\/p>\n<p class=\"thumb_p\">Ziyaret etti\u011finiz web sitelerinin geride b\u0131rakt\u0131\u011f\u0131 t\u00fcm \u00e7erezli \u00fc\u00e7\u00fcnc\u00fc parti yaz\u0131l\u0131mlar arac\u0131l\u0131\u011f\u0131yla da silebilirsiniz.<\/p>\n<p class=\"thumb_p\"><b>VI. Bizimle \u0130leti\u015fime Ge\u00e7in<\/b><\/p>\n<p class=\"thumb_p\">Politika ile ilgili t\u00fcm soru ve g\u00f6r\u00fc\u015flerinizi bize iletmek i\u00e7in <a href=\"https:\/\/alfred.com.tr\/iletisim\/\">ileti\u015fim<\/a> sayfam\u0131z\u0131 ziyaret edebilirsiniz.<\/p>\n<p>[\/vc_column_text][vc_empty_space][\/vc_column][\/vc_row]<\/p>\n","protected":false},"excerpt":{"rendered":"<p>[vc_row][vc_column][vc_empty_space][vc_column_text] Alfred Concierge Services A.\u015e. (&#8220;\u015eirket&#8221;) olarak sahip oldu\u011fumuz alfred.com.tr web sitemizin (&#8220;Web Sitesi&#8221;) ziyaret\u00e7ilerinin gizlilik ve ki\u015fisel verilerinin korunmas\u0131 haklar\u0131n\u0131 g\u00f6zeterek ziyaret\u00e7ilerimize daha iyi bir kullan\u0131m deneyimi sa\u011flayabilmek i\u00e7in ki\u015fisel verilerini i\u015flemekte ve internet \u00e7erezleri kullanmaktay\u0131z. Bu \u00c7erez Kullan\u0131m\u0131 [&hellip;]<\/p>\n","protected":false},"author":1,"featured_media":0,"parent":0,"menu_order":0,"comment_status":"closed","ping_status":"open","template":"","meta":[],"_links":{"self":[{"href":"https:\/\/alfred.com.tr\/en\/wp-json\/wp\/v2\/pages\/3"}],"collection":[{"href":"https:\/\/alfred.com.tr\/en\/wp-json\/wp\/v2\/pages"}],"about":[{"href":"https:\/\/alfred.com.tr\/en\/wp-json\/wp\/v2\/types\/page"}],"author":[{"embeddable":true,"href":"https:\/\/alfred.com.tr\/en\/wp-json\/wp\/v2\/users\/1"}],"replies":[{"embeddable":true,"href":"https:\/\/alfred.com.tr\/en\/wp-json\/wp\/v2\/comments?post=3"}],"version-history":[{"count":0,"href":"https:\/\/alfred.com.tr\/en\/wp-json\/wp\/v2\/pages\/3\/revisions"}],"wp:attachment":[{"href":"https:\/\/alfred.com.tr\/en\/wp-json\/wp\/v2\/media?parent=3"}],"curies":[{"name":"wp","href":"https:\/\/api.w.org\/{rel}","templated":true}]}}